{"id":87,"date":"2025-03-04T19:27:06","date_gmt":"2025-03-04T19:27:06","guid":{"rendered":"https:\/\/thehiretap.com\/?page_id=87"},"modified":"2025-05-13T16:42:29","modified_gmt":"2025-05-13T16:42:29","slug":"about","status":"publish","type":"page","link":"https:\/\/thehiretap.com\/es\/about\/","title":{"rendered":"Sobre nosotros"},"content":{"rendered":"<p>Bienvenido a The Hire Tap, tu plataforma de referencia para todo lo relacionado con tu carrera profesional. Te ofrecemos las \u00faltimas perspectivas del mercado laboral, consejos profesionales y tendencias de contrataci\u00f3n para ayudarte a mantenerte a la vanguardia en el competitivo mundo laboral. Nuestra misi\u00f3n es ofrecer contenido valioso que ayude a quienes buscan empleo y a los profesionales a tomar decisiones profesionales informadas.<\/p>\n\n\n\n<h2 class=\"wp-block-heading\">Quienes somos<\/h2>\n\n\n\n<p>The Hire Tap est\u00e1 impulsado por un equipo apasionado de expertos en carreras profesionales, especialistas en RR. HH. y analistas del mercado laboral, dedicados a mantenerte informado sobre las \u00faltimas tendencias y oportunidades de contrataci\u00f3n. Combinamos nuestra experiencia con una investigaci\u00f3n exhaustiva para ofrecerte asesoramiento profesional, estrategias de b\u00fasqueda de empleo y perspectivas del sector que marcar\u00e1n la diferencia en tu trayectoria profesional.<\/p>\n\n\n\n<h2 class=\"wp-block-heading\">Lo que ofrecemos<\/h2>\n\n\n\n<p>En The Hire Tap, \u00a1encontrar\u00e1s contenido profesional pr\u00e1ctico, relevante y atractivo! Tanto si eres reci\u00e9n graduado como profesional con experiencia, aqu\u00ed tienes lo que puedes explorar:<\/p>\n\n\n\n<ul>\n<li><strong>Recomendaciones de trabajo<\/strong>:Listas seleccionadas de las mejores oportunidades laborales en diversas industrias.<\/li>\n\n\n\n<li><strong>Gu\u00edas profesionales<\/strong>:Consejos de expertos sobre c\u00f3mo redactar un curr\u00edculum, prepararse para entrevistas y crecer profesionalmente.<\/li>\n\n\n\n<li><strong>Tendencias y noticias de contrataci\u00f3n<\/strong>:Mant\u00e9ngase informado sobre los \u00faltimos cambios en el mercado laboral.<\/li>\n\n\n\n<li><strong>Perspectivas del lugar de trabajo<\/strong>:Explore las culturas de la empresa, los beneficios y las mejores ubicaciones para trabajar.<\/li>\n\n\n\n<li><strong>Desarrollo de habilidades y herramientas<\/strong>:Descubre recursos para impulsar tu carrera y habilidades profesionales.<\/li>\n<\/ul>\n\n\n\n<h2 class=\"wp-block-heading\">Aviso legal<\/h2>\n\n\n\n<p>The Hire Tap es una plataforma independiente y no est\u00e1 afiliada a las empresas ni a las ofertas de empleo que aparecen en nuestro sitio. Nuestro contenido se basa en una investigaci\u00f3n exhaustiva y tiene como objetivo ayudar a quienes buscan empleo a tomar decisiones profesionales informadas. Los art\u00edculos y recomendaciones que se ofrecen son una gu\u00eda, no una recomendaci\u00f3n directa. Siempre investigue por su cuenta al tomar decisiones profesionales.<\/p>","protected":false},"excerpt":{"rendered":"<p>Bienvenido a The Hire Tap, \u00a1tu plataforma de referencia para todo lo relacionado con tu carrera profesional! Te ofrecemos las \u00faltimas perspectivas del mercado laboral, consejos profesionales y tendencias de contrataci\u00f3n para ayudarte a mantenerte a la vanguardia en el competitivo mundo laboral. Nuestra misi\u00f3n es ofrecer contenido valioso que ayude a quienes buscan empleo y a los profesionales a tomar decisiones profesionales informadas. Qui\u00e9nes somos [\u2026]<\/p>","protected":false},"author":3,"featured_media":0,"parent":0,"menu_order":0,"comment_status":"closed","ping_status":"closed","template":"page-nosidebar.php","meta":{"footnotes":""},"yoast_head":"<!-- This site is optimized with the Yoast SEO plugin v23.3 - https:\/\/yoast.com\/wordpress\/plugins\/seo\/ -->\n<title>About Us - The Hire Tap<\/title>\n<meta name=\"robots\" content=\"index, follow, max-snippet:-1, max-image-preview:large, max-video-preview:-1\" \/>\n<link rel=\"canonical\" href=\"https:\/\/thehiretap.com\/es\/about\/\" \/>\n<meta property=\"og:locale\" content=\"es_MX\" \/>\n<meta property=\"og:type\" content=\"article\" \/>\n<meta property=\"og:title\" content=\"About Us - The Hire Tap\" \/>\n<meta property=\"og:description\" content=\"Welcome to The Hire Tap, your go-to platform for everything career-related! We bring you the latest job market insights, career advice, and hiring trends to help you stay ahead in the competitive world of employment. Our mission is to provide valuable content that empowers job seekers and professionals in making informed career decisions. Who We [&hellip;]\" \/>\n<meta property=\"og:url\" content=\"https:\/\/thehiretap.com\/es\/about\/\" \/>\n<meta property=\"og:site_name\" content=\"The Hire Tap\" \/>\n<meta property=\"article:modified_time\" content=\"2025-05-13T16:42:29+00:00\" \/>\n<meta name=\"twitter:card\" content=\"summary_large_image\" \/>\n<meta name=\"twitter:label1\" content=\"Est. reading time\" \/>\n\t<meta name=\"twitter:data1\" content=\"2 minutos\" \/>\n<script type=\"application\/ld+json\" class=\"yoast-schema-graph\">{\"@context\":\"https:\/\/schema.org\",\"@graph\":[{\"@type\":\"WebPage\",\"@id\":\"https:\/\/thehiretap.com\/about\/\",\"url\":\"https:\/\/thehiretap.com\/about\/\",\"name\":\"About Us - The Hire Tap\",\"isPartOf\":{\"@id\":\"https:\/\/thehiretap.com\/#website\"},\"datePublished\":\"2025-03-04T19:27:06+00:00\",\"dateModified\":\"2025-05-13T16:42:29+00:00\",\"breadcrumb\":{\"@id\":\"https:\/\/thehiretap.com\/about\/#breadcrumb\"},\"inLanguage\":\"es-MX\",\"potentialAction\":[{\"@type\":\"ReadAction\",\"target\":[\"https:\/\/thehiretap.com\/about\/\"]}]},{\"@type\":\"BreadcrumbList\",\"@id\":\"https:\/\/thehiretap.com\/about\/#breadcrumb\",\"itemListElement\":[{\"@type\":\"ListItem\",\"position\":1,\"name\":\"Home\",\"item\":\"https:\/\/thehiretap.com\/\"},{\"@type\":\"ListItem\",\"position\":2,\"name\":\"About Us\"}]},{\"@type\":\"WebSite\",\"@id\":\"https:\/\/thehiretap.com\/#website\",\"url\":\"https:\/\/thehiretap.com\/\",\"name\":\"The Hire Tap\",\"description\":\"\",\"potentialAction\":[{\"@type\":\"SearchAction\",\"target\":{\"@type\":\"EntryPoint\",\"urlTemplate\":\"https:\/\/thehiretap.com\/?s={search_term_string}\"},\"query-input\":\"required name=search_term_string\"}],\"inLanguage\":\"es-MX\"}]}<\/script>\n<!-- \/ Yoast SEO plugin. -->","yoast_head_json":{"title":"About Us - The Hire Tap","robots":{"index":"index","follow":"follow","max-snippet":"max-snippet:-1","max-image-preview":"max-image-preview:large","max-video-preview":"max-video-preview:-1"},"canonical":"https:\/\/thehiretap.com\/es\/about\/","og_locale":"es_MX","og_type":"article","og_title":"About Us - The Hire Tap","og_description":"Welcome to The Hire Tap, your go-to platform for everything career-related! We bring you the latest job market insights, career advice, and hiring trends to help you stay ahead in the competitive world of employment. Our mission is to provide valuable content that empowers job seekers and professionals in making informed career decisions. Who We [&hellip;]","og_url":"https:\/\/thehiretap.com\/es\/about\/","og_site_name":"The Hire Tap","article_modified_time":"2025-05-13T16:42:29+00:00","twitter_card":"summary_large_image","twitter_misc":{"Est. reading time":"2 minutos"},"schema":{"@context":"https:\/\/schema.org","@graph":[{"@type":"WebPage","@id":"https:\/\/thehiretap.com\/about\/","url":"https:\/\/thehiretap.com\/about\/","name":"About Us - The Hire Tap","isPartOf":{"@id":"https:\/\/thehiretap.com\/#website"},"datePublished":"2025-03-04T19:27:06+00:00","dateModified":"2025-05-13T16:42:29+00:00","breadcrumb":{"@id":"https:\/\/thehiretap.com\/about\/#breadcrumb"},"inLanguage":"es-MX","potentialAction":[{"@type":"ReadAction","target":["https:\/\/thehiretap.com\/about\/"]}]},{"@type":"BreadcrumbList","@id":"https:\/\/thehiretap.com\/about\/#breadcrumb","itemListElement":[{"@type":"ListItem","position":1,"name":"Home","item":"https:\/\/thehiretap.com\/"},{"@type":"ListItem","position":2,"name":"About Us"}]},{"@type":"WebSite","@id":"https:\/\/thehiretap.com\/#website","url":"https:\/\/thehiretap.com\/","name":"The Hire Tap","description":"","potentialAction":[{"@type":"SearchAction","target":{"@type":"EntryPoint","urlTemplate":"https:\/\/thehiretap.com\/?s={search_term_string}"},"query-input":"required name=search_term_string"}],"inLanguage":"es-MX"}]}},"_links":{"self":[{"href":"https:\/\/thehiretap.com\/es\/wp-json\/wp\/v2\/pages\/87"}],"collection":[{"href":"https:\/\/thehiretap.com\/es\/wp-json\/wp\/v2\/pages"}],"about":[{"href":"https:\/\/thehiretap.com\/es\/wp-json\/wp\/v2\/types\/page"}],"author":[{"embeddable":true,"href":"https:\/\/thehiretap.com\/es\/wp-json\/wp\/v2\/users\/3"}],"replies":[{"embeddable":true,"href":"https:\/\/thehiretap.com\/es\/wp-json\/wp\/v2\/comments?post=87"}],"version-history":[{"count":1,"href":"https:\/\/thehiretap.com\/es\/wp-json\/wp\/v2\/pages\/87\/revisions"}],"predecessor-version":[{"id":88,"href":"https:\/\/thehiretap.com\/es\/wp-json\/wp\/v2\/pages\/87\/revisions\/88"}],"wp:attachment":[{"href":"https:\/\/thehiretap.com\/es\/wp-json\/wp\/v2\/media?parent=87"}],"curies":[{"name":"wp","href":"https:\/\/api.w.org\/{rel}","templated":true}]}}